{"id":639,"date":"2023-05-14T12:04:05","date_gmt":"2023-05-14T09:04:05","guid":{"rendered":"https:\/\/ksmexport.com\/contact-us\/"},"modified":"2025-02-13T16:00:02","modified_gmt":"2025-02-13T13:00:02","slug":"contact-us","status":"publish","type":"page","link":"https:\/\/ksmexport.com\/en\/contact-us\/","title":{"rendered":"Contact Us"},"content":{"rendered":"\t\t<div data-elementor-type=\"wp-page\" data-elementor-id=\"639\" class=\"elementor elementor-639 elementor-423\">\n\t\t\t\t<div class=\"e-con-top elementor-element elementor-element-65bd347 rey-section-stretched e-con-full e-flex e-con e-parent\" data-id=\"65bd347\" data-element_type=\"container\" data-e-type=\"container\" data-settings=\"{&quot;background_background&quot;:&quot;classic&quot;}\">\n\t\t\t\t<\/div>\n\t\t<div class=\"e-con-top elementor-element elementor-element-680426c e-flex e-con-boxed e-con e-parent\" data-id=\"680426c\" data-element_type=\"container\" data-e-type=\"container\">\n\t\t\t\t\t<div class=\"e-con-inner\">\n\t\t<div class=\"elementor-element elementor-element-e50f809 e-con-full e-flex e-con e-child\" data-id=\"e50f809\" data-element_type=\"container\" data-e-type=\"container\">\n\t\t\t\t<div class=\"elementor-element elementor-element-709f9e0 elementor-widget elementor-widget-text-editor\" data-id=\"709f9e0\" data-element_type=\"widget\" data-e-type=\"widget\" data-widget_type=\"text-editor.default\">\n\t\t\t\t<div class=\"elementor-widget-container\">\n\t\t\t\t\t\t\t\t\t<h2>Get in touch<\/h2><p>KSM EXPORT IMPORT MAK\u0130NA YEDEK PAR\u00c7A \u0130THALAT \u0130HRACAT SANAY\u0130 VE T\u0130CARET L\u0130M\u0130TED \u015e\u0130RKET\u0130<\/p>\t\t\t\t\t\t\t\t<\/div>\n\t\t\t\t<\/div>\n\t\t\t\t<div class=\"elementor-element elementor-element-714c26f elementor-widget elementor-widget-text-editor\" data-id=\"714c26f\" data-element_type=\"widget\" data-e-type=\"widget\" data-widget_type=\"text-editor.default\">\n\t\t\t\t<div class=\"elementor-widget-container\">\n\t\t\t\t\t\t\t\t\t<p>Ostim OSB Mahalesi Alteri Bulvar\u0131 No:33 \/ 33 Yenimahalle\/Ankara\/Turkiye<\/p><p>\ud83d\udce7<br \/>info@ksmexport.com<br \/>export@ksmexport.com<br \/>sales@ksmexport.com<\/p><p>\ud83d\udcde<br \/>+90 312 354 5470 (Telephone) <br \/>\u00a0 \u00a0 \u00a0+90 541 352 5470 (Whatsapp)<br \/>\u00a0 \u00a0 \u00a0+90 543 616 0820 (Whatsapp)<\/p>\t\t\t\t\t\t\t\t<\/div>\n\t\t\t\t<\/div>\n\t\t\t\t<\/div>\n\t\t<div class=\"elementor-element elementor-element-dedff4a e-con-full e-flex e-con e-child\" data-id=\"dedff4a\" data-element_type=\"container\" data-e-type=\"container\">\n\t\t\t\t<div class=\"elementor-element elementor-element-a265b44 elementor-widget elementor-widget-wpforms\" data-id=\"a265b44\" data-element_type=\"widget\" data-e-type=\"widget\" data-widget_type=\"wpforms.default\">\n\t\t\t\t<div class=\"elementor-widget-container\">\n\t\t\t\t\t<style id=\"wpforms-css-vars-root\">\n\t\t\t\t:root {\n\t\t\t\t\t--wpforms-field-border-radius: 3px;\n--wpforms-field-background-color: #ffffff;\n--wpforms-field-border-color: rgba( 0, 0, 0, 0.25 );\n--wpforms-field-text-color: rgba( 0, 0, 0, 0.7 );\n--wpforms-label-color: rgba( 0, 0, 0, 0.85 );\n--wpforms-label-sublabel-color: rgba( 0, 0, 0, 0.55 );\n--wpforms-label-error-color: #d63637;\n--wpforms-button-border-radius: 3px;\n--wpforms-button-background-color: #066aab;\n--wpforms-button-text-color: #ffffff;\n--wpforms-field-size-input-height: 43px;\n--wpforms-field-size-input-spacing: 15px;\n--wpforms-field-size-font-size: 16px;\n--wpforms-field-size-line-height: 19px;\n--wpforms-field-size-padding-h: 14px;\n--wpforms-field-size-checkbox-size: 16px;\n--wpforms-field-size-sublabel-spacing: 5px;\n--wpforms-field-size-icon-size: 1;\n--wpforms-label-size-font-size: 16px;\n--wpforms-label-size-line-height: 19px;\n--wpforms-label-size-sublabel-font-size: 14px;\n--wpforms-label-size-sublabel-line-height: 17px;\n--wpforms-button-size-font-size: 17px;\n--wpforms-button-size-height: 41px;\n--wpforms-button-size-padding-h: 15px;\n--wpforms-button-size-margin-top: 10px;\n\n\t\t\t\t}\n\t\t\t<\/style><div class=\"wpforms-container wpforms-container-full wpforms-render-modern\" id=\"wpforms-626\"><form id=\"wpforms-form-626\" class=\"wpforms-validate wpforms-form wpforms-ajax-form\" data-formid=\"626\" method=\"post\" enctype=\"multipart\/form-data\" action=\"\/en\/wp-json\/wp\/v2\/pages\/639\" data-token=\"81644c104c890f2767370bf8f0a1c5b3\"><noscript class=\"wpforms-error-noscript\">Please enable JavaScript in your browser to complete this form.<\/noscript><div class=\"wpforms-hidden\" id=\"wpforms-error-noscript\">Please enable JavaScript in your browser to complete this form.<\/div><div class=\"wpforms-field-container\"><div id=\"wpforms-626-field_0-container\" class=\"wpforms-field wpforms-field-name\" data-field-id=\"0\"><fieldset><legend class=\"wpforms-field-label\">Full Name <span class=\"wpforms-required-label\" aria-hidden=\"true\">*<\/span><\/legend><div class=\"wpforms-field-row wpforms-field-medium\"><div class=\"wpforms-field-row-block wpforms-first wpforms-one-half\"><input type=\"text\" id=\"wpforms-626-field_0\" class=\"wpforms-field-name-first wpforms-field-required\" name=\"wpforms[fields][0][first]\" aria-errormessage=\"wpforms-626-field_0-error\" required><label for=\"wpforms-626-field_0\" class=\"wpforms-field-sublabel after \">First<\/label><\/div><div class=\"wpforms-field-row-block wpforms-one-half\"><input type=\"text\" id=\"wpforms-626-field_0-last\" class=\"wpforms-field-name-last wpforms-field-required\" name=\"wpforms[fields][0][last]\" aria-errormessage=\"wpforms-626-field_0-last-error\" required><label for=\"wpforms-626-field_0-last\" class=\"wpforms-field-sublabel after \">Last<\/label><\/div><\/div><\/fieldset><\/div><div id=\"wpforms-626-field_1-container\" class=\"wpforms-field wpforms-field-email\" data-field-id=\"1\"><label class=\"wpforms-field-label\" for=\"wpforms-626-field_1\">Email <span class=\"wpforms-required-label\" aria-hidden=\"true\">*<\/span><\/label><input type=\"email\" id=\"wpforms-626-field_1\" class=\"wpforms-field-medium wpforms-field-required\" name=\"wpforms[fields][1]\" spellcheck=\"false\" aria-errormessage=\"wpforms-626-field_1-error\" required><\/div><div id=\"wpforms-626-field_2-container\" class=\"wpforms-field wpforms-field-textarea\" data-field-id=\"2\"><label class=\"wpforms-field-label\" for=\"wpforms-626-field_2\">Message <span class=\"wpforms-required-label\" aria-hidden=\"true\">*<\/span><\/label><textarea id=\"wpforms-626-field_2\" class=\"wpforms-field-medium wpforms-field-required\" name=\"wpforms[fields][2]\" aria-errormessage=\"wpforms-626-field_2-error\" required><\/textarea><\/div><\/div><!-- .wpforms-field-container --><div class=\"wpforms-submit-container\" ><input type=\"hidden\" name=\"wpforms[id]\" value=\"626\"><input type=\"hidden\" name=\"wpforms[author]\" value=\"1\"><button type=\"submit\" name=\"wpforms[submit]\" id=\"wpforms-submit-626\" class=\"wpforms-submit\" data-alt-text=\"Sending...\" data-submit-text=\"Send\" aria-live=\"assertive\" value=\"wpforms-submit\">Send<\/button><img decoding=\"async\" src=\"https:\/\/ksmexport.com\/wp-content\/plugins\/wpforms\/assets\/images\/submit-spin.svg\" class=\"wpforms-submit-spinner\" style=\"display: none;\" width=\"26\" height=\"26\" alt=\"Loading\"><\/div><\/form><\/div>  <!-- .wpforms-container -->\t\t\t\t<\/div>\n\t\t\t\t<\/div>\n\t\t\t\t<\/div>\n\t\t<div class=\"elementor-element elementor-element-f1b6d99 e-con-full e-flex e-con e-child\" data-id=\"f1b6d99\" data-element_type=\"container\" data-e-type=\"container\">\n\t\t\t\t<div class=\"elementor-element elementor-element-9cd07da elementor-widget elementor-widget-google_maps\" data-id=\"9cd07da\" data-element_type=\"widget\" data-e-type=\"widget\" data-widget_type=\"google_maps.default\">\n\t\t\t\t<div class=\"elementor-widget-container\">\n\t\t\t\t\t\t\t<div class=\"elementor-custom-embed\">\n\t\t\t<iframe loading=\"lazy\"\n\t\t\t\t\tsrc=\"https:\/\/maps.google.com\/maps?q=KSM%20Export%2C%20Ankara&#038;t=m&#038;z=10&#038;output=embed&#038;iwloc=near\"\n\t\t\t\t\ttitle=\"KSM Export, Ankara\"\n\t\t\t\t\taria-label=\"KSM Export, Ankara\"\n\t\t\t><\/iframe>\n\t\t<\/div>\n\t\t\t\t\t\t<\/div>\n\t\t\t\t<\/div>\n\t\t\t\t<\/div>\n\t\t\t\t\t<\/div>\n\t\t\t\t<\/div>\n\t\t<div class=\"e-con-top elementor-element elementor-element-9567e8e e-flex e-con-boxed e-con e-parent\" data-id=\"9567e8e\" data-element_type=\"container\" data-e-type=\"container\">\n\t\t\t\t\t<div class=\"e-con-inner\">\n\t\t<div class=\"elementor-element elementor-element-dfd32a7 e-con-full e-flex e-con e-child\" data-id=\"dfd32a7\" data-element_type=\"container\" data-e-type=\"container\">\n\t\t\t\t<div class=\"elementor-element elementor-element-0e92696 elementor-widget elementor-widget-text-editor\" data-id=\"0e92696\" data-element_type=\"widget\" data-e-type=\"widget\" data-widget_type=\"text-editor.default\">\n\t\t\t\t<div class=\"elementor-widget-container\">\n\t\t\t\t\t\t\t\t\t<h2>DUBAI<\/h2><p>Dubai Marina Walk Marina Pinnacle Tower<br \/>Tiger Tower Floor 64 Number 6401 Dubai\/United Arab Emirates<\/p><p>\ud83d\udce7<br \/>info@ksmexport.com<br \/>candogan@ksmexport.com<\/p><p>\ud83d\udcde <br \/>+971 58 561 9922 (Telephone)<br \/>+90 541 352 5470 (Whatsapp)<\/p>\t\t\t\t\t\t\t\t<\/div>\n\t\t\t\t<\/div>\n\t\t\t\t<div class=\"elementor-element elementor-element-ed7b882 elementor-widget elementor-widget-text-editor\" data-id=\"ed7b882\" data-element_type=\"widget\" data-e-type=\"widget\" data-widget_type=\"text-editor.default\">\n\t\t\t\t<div class=\"elementor-widget-container\">\n\t\t\t\t\t\t\t\t\t<h2>\u00a0<\/h2><h2>GEORGIA<\/h2><p>Juli Shartava Bulvar N16, No:484<br \/>Batumi\/Georgia<\/p><p>\ud83d\udce7<br \/>info@ksmexport.com<br \/>georgia@ksmexport.com<\/p><p>\ud83d\udcde<br \/>+99 551 490 3040 (Telephone)<br \/>\u00a0 +90 554 598 4414 (Whatsapp)<\/p>\t\t\t\t\t\t\t\t<\/div>\n\t\t\t\t<\/div>\n\t\t\t\t<\/div>\n\t\t<div class=\"elementor-element elementor-element-6e1a7c4 e-con-full e-flex e-con e-child\" data-id=\"6e1a7c4\" data-element_type=\"container\" data-e-type=\"container\">\n\t\t\t\t<div class=\"elementor-element elementor-element-d23f823 elementor-widget elementor-widget-text-editor\" data-id=\"d23f823\" data-element_type=\"widget\" data-e-type=\"widget\" data-widget_type=\"text-editor.default\">\n\t\t\t\t<div class=\"elementor-widget-container\">\n\t\t\t\t\t\t\t\t\t<h2>BANGLADESH<\/h2><p>112, 3rd floor, Khatunganj<br \/>Chattogram\/Bangladesh<\/p><p><br \/>\ud83d\udce7<br \/>info@ksmexport.com<br \/>shafikul@ksmexport.com<\/p><p>\ud83d\udcde <br \/>+8801814-946064 (Telephone)<br \/>+90 539 892 98 33 (Whatsapp)<\/p>\t\t\t\t\t\t\t\t<\/div>\n\t\t\t\t<\/div>\n\t\t\t\t<div class=\"elementor-element elementor-element-6bae352 elementor-widget elementor-widget-text-editor\" data-id=\"6bae352\" data-element_type=\"widget\" data-e-type=\"widget\" data-widget_type=\"text-editor.default\">\n\t\t\t\t<div class=\"elementor-widget-container\">\n\t\t\t\t\t\t\t\t\t<h2>\u00a0<\/h2><h2>IRELAND<\/h2><p>51 Belcamp Manor, D17 FK63<br \/>Dublin\/Ireland<\/p><p>\ud83d\udce7<br \/>info@ksmexport.com<br \/>export@ksmexport.com<\/p><p>\ud83d\udcde<br \/>+35 383 409 3120 (Telephone)<br \/>+90 541 352 5470 (Whatsapp)<\/p>\t\t\t\t\t\t\t\t<\/div>\n\t\t\t\t<\/div>\n\t\t\t\t<\/div>\n\t\t<div class=\"elementor-element elementor-element-d26b7cc e-con-full e-flex e-con e-child\" data-id=\"d26b7cc\" data-element_type=\"container\" data-e-type=\"container\">\n\t\t\t\t<div class=\"elementor-element elementor-element-ba18763 elementor-widget elementor-widget-text-editor\" data-id=\"ba18763\" data-element_type=\"widget\" data-e-type=\"widget\" data-widget_type=\"text-editor.default\">\n\t\t\t\t<div class=\"elementor-widget-container\">\n\t\t\t\t\t\t\t\t\t<h2>SERBIA<\/h2><p>Visoka 22, \u010cukarica <br \/>Belgrade\/Serbia<\/p><p><br \/>\ud83d\udce7<br \/>info@ksmexport.com<br \/>senad@ksmexport.com<\/p><p>\ud83d\udcde <br \/>+90 312 354 5470 (Telephone)<br \/>+381 69 46 000 06 (Whatsapp)<\/p>\t\t\t\t\t\t\t\t<\/div>\n\t\t\t\t<\/div>\n\t\t\t\t<\/div>\n\t\t<div class=\"elementor-element elementor-element-afbf782 e-con-full e-flex e-con e-child\" data-id=\"afbf782\" data-element_type=\"container\" data-e-type=\"container\">\n\t\t\t\t<div class=\"elementor-element elementor-element-3ed51ed elementor-widget elementor-widget-text-editor\" data-id=\"3ed51ed\" data-element_type=\"widget\" data-e-type=\"widget\" data-widget_type=\"text-editor.default\">\n\t\t\t\t<div class=\"elementor-widget-container\">\n\t\t\t\t\t\t\t\t\t<h2>BOSNIA AND HERZEGOVINA<\/h2><p>Dzemala Bijedi\u0107a, 160i <br \/>Sarajevo\/Bosnia and Herzegovina<\/p><p>\ud83d\udce7<br \/>info@ksmexport.com<br \/>sales@ksmexport.com<\/p><p>\ud83d\udcde <br \/>+90 312 354 5470 (Telephone)<br \/>+381 69 46 000 06 (Whatsapp)<\/p>\t\t\t\t\t\t\t\t<\/div>\n\t\t\t\t<\/div>\n\t\t\t\t<\/div>\n\t\t\t\t\t<\/div>\n\t\t\t\t<\/div>\n\t\t\t\t<\/div>\n\t\t","protected":false},"excerpt":{"rendered":"<p>Get in touch KSM EXPORT IMPORT MAK\u0130NA YEDEK PAR\u00c7A \u0130THALAT \u0130HRACAT SANAY\u0130 VE T\u0130CARET L\u0130M\u0130TED \u015e\u0130RKET\u0130 Ostim OSB Mahalesi Alteri Bulvar\u0131 No:33 \/ 33 Yenimahalle\/Ankara\/Turkiye \ud83d\udce7info@ksmexport.comexport@ksmexport.comsales@ksmexport.com \ud83d\udcde+90 312 354 5470 (Telephone) \u00a0 \u00a0 \u00a0+90 541 352 5470 (Whatsapp)\u00a0 \u00a0 \u00a0+90 543 616 0820 (Whatsapp) DUBAI Dubai Marina Walk Marina Pinnacle TowerTiger Tower Floor 64 Number [&hellip;]<\/p>\n","protected":false},"author":1,"featured_media":0,"parent":0,"menu_order":0,"comment_status":"closed","ping_status":"closed","template":"","meta":{"_acf_changed":false,"footnotes":""},"class_list":["post-639","page","type-page","status-publish","hentry"],"acf":[],"_links":{"self":[{"href":"https:\/\/ksmexport.com\/en\/wp-json\/wp\/v2\/pages\/639","targetHints":{"allow":["GET"]}}],"collection":[{"href":"https:\/\/ksmexport.com\/en\/wp-json\/wp\/v2\/pages"}],"about":[{"href":"https:\/\/ksmexport.com\/en\/wp-json\/wp\/v2\/types\/page"}],"author":[{"embeddable":true,"href":"https:\/\/ksmexport.com\/en\/wp-json\/wp\/v2\/users\/1"}],"replies":[{"embeddable":true,"href":"https:\/\/ksmexport.com\/en\/wp-json\/wp\/v2\/comments?post=639"}],"version-history":[{"count":15,"href":"https:\/\/ksmexport.com\/en\/wp-json\/wp\/v2\/pages\/639\/revisions"}],"predecessor-version":[{"id":2281,"href":"https:\/\/ksmexport.com\/en\/wp-json\/wp\/v2\/pages\/639\/revisions\/2281"}],"wp:attachment":[{"href":"https:\/\/ksmexport.com\/en\/wp-json\/wp\/v2\/media?parent=639"}],"curies":[{"name":"wp","href":"https:\/\/api.w.org\/{rel}","templated":true}]}}