{"id":651,"date":"2023-05-14T12:04:05","date_gmt":"2023-05-14T09:04:05","guid":{"rendered":"https:\/\/ksmexport.com\/%d0%ba%d0%be%d0%bc%d0%bc%d1%83%d0%bd%d0%b8%d0%ba%d0%b0%d1%86%d0%b8%d1%8f\/"},"modified":"2025-02-13T16:12:26","modified_gmt":"2025-02-13T13:12:26","slug":"%d0%ba%d0%be%d0%bc%d0%bc%d1%83%d0%bd%d0%b8%d0%ba%d0%b0%d1%86%d0%b8%d1%8f","status":"publish","type":"page","link":"https:\/\/ksmexport.com\/ru\/%d0%ba%d0%be%d0%bc%d0%bc%d1%83%d0%bd%d0%b8%d0%ba%d0%b0%d1%86%d0%b8%d1%8f\/","title":{"rendered":"\u041a\u043e\u043c\u043c\u0443\u043d\u0438\u043a\u0430\u0446\u0438\u044f"},"content":{"rendered":"\t\t<div data-elementor-type=\"wp-page\" data-elementor-id=\"651\" class=\"elementor elementor-651 elementor-423\">\n\t\t\t\t<div class=\"e-con-top elementor-element elementor-element-65bd347 rey-section-stretched e-con-full e-flex e-con e-parent\" data-id=\"65bd347\" data-element_type=\"container\" data-e-type=\"container\" data-settings=\"{&quot;background_background&quot;:&quot;classic&quot;}\">\n\t\t\t\t<\/div>\n\t\t<div class=\"e-con-top elementor-element elementor-element-680426c e-flex e-con-boxed e-con e-parent\" data-id=\"680426c\" data-element_type=\"container\" data-e-type=\"container\">\n\t\t\t\t\t<div class=\"e-con-inner\">\n\t\t<div class=\"elementor-element elementor-element-e50f809 e-con-full e-flex e-con e-child\" data-id=\"e50f809\" data-element_type=\"container\" data-e-type=\"container\">\n\t\t\t\t<div class=\"elementor-element elementor-element-709f9e0 elementor-widget elementor-widget-text-editor\" data-id=\"709f9e0\" data-element_type=\"widget\" data-e-type=\"widget\" data-widget_type=\"text-editor.default\">\n\t\t\t\t<div class=\"elementor-widget-container\">\n\t\t\t\t\t\t\t\t\t<h2>\u0421\u0432\u044f\u0437\u0430\u0442\u044c\u0441\u044f \u0441 \u043d\u0430\u043c\u0438<\/h2><p>KSM EXPORT IMPORT MAK\u0130NA YEDEK PAR\u00c7A \u0130THALAT \u0130HRACAT SANAY\u0130 VE T\u0130CARET L\u0130M\u0130TED \u015e\u0130RKET\u0130<\/p>\t\t\t\t\t\t\t\t<\/div>\n\t\t\t\t<\/div>\n\t\t\t\t<div class=\"elementor-element elementor-element-714c26f elementor-widget elementor-widget-text-editor\" data-id=\"714c26f\" data-element_type=\"widget\" data-e-type=\"widget\" data-widget_type=\"text-editor.default\">\n\t\t\t\t<div class=\"elementor-widget-container\">\n\t\t\t\t\t\t\t\t\t<p>Ostim OSB Mahhalesi Alteri Bulvar\u0131 No:33 \/ 33 Yenimahalle\/\u0410\u043d\u043a\u0430\u0440\u0430\/\u0422\u0443\u0440\u0446\u0438\u044f<\/p><p>\u00a0 \u00a0 \ud83d\udce7<br \/>info@ksmexport.com<br \/>export@ksmexport.com<br \/>\u00a0sales@ksmexport.com<\/p><p>\ud83d\udcde<br \/>+90 312 354 5470 (\u0424\u0438\u043a\u0441\u0438\u0440\u043e\u0432\u0430\u043d\u043d\u0430\u044f \u043b\u0438\u043d\u0438\u044f) <br \/>+90 541 352 5470 (Whatsapp)<br \/>+90 543 616 0820 (Whatsapp)<\/p>\t\t\t\t\t\t\t\t<\/div>\n\t\t\t\t<\/div>\n\t\t\t\t<\/div>\n\t\t<div class=\"elementor-element elementor-element-dedff4a e-con-full e-flex e-con e-child\" data-id=\"dedff4a\" data-element_type=\"container\" data-e-type=\"container\">\n\t\t\t\t<div class=\"elementor-element elementor-element-a265b44 elementor-widget elementor-widget-wpforms\" data-id=\"a265b44\" data-element_type=\"widget\" data-e-type=\"widget\" data-widget_type=\"wpforms.default\">\n\t\t\t\t<div class=\"elementor-widget-container\">\n\t\t\t\t\t<style id=\"wpforms-css-vars-root\">\n\t\t\t\t:root {\n\t\t\t\t\t--wpforms-field-border-radius: 3px;\n--wpforms-field-background-color: #ffffff;\n--wpforms-field-border-color: rgba( 0, 0, 0, 0.25 );\n--wpforms-field-text-color: rgba( 0, 0, 0, 0.7 );\n--wpforms-label-color: rgba( 0, 0, 0, 0.85 );\n--wpforms-label-sublabel-color: rgba( 0, 0, 0, 0.55 );\n--wpforms-label-error-color: #d63637;\n--wpforms-button-border-radius: 3px;\n--wpforms-button-background-color: #066aab;\n--wpforms-button-text-color: #ffffff;\n--wpforms-field-size-input-height: 43px;\n--wpforms-field-size-input-spacing: 15px;\n--wpforms-field-size-font-size: 16px;\n--wpforms-field-size-line-height: 19px;\n--wpforms-field-size-padding-h: 14px;\n--wpforms-field-size-checkbox-size: 16px;\n--wpforms-field-size-sublabel-spacing: 5px;\n--wpforms-field-size-icon-size: 1;\n--wpforms-label-size-font-size: 16px;\n--wpforms-label-size-line-height: 19px;\n--wpforms-label-size-sublabel-font-size: 14px;\n--wpforms-label-size-sublabel-line-height: 17px;\n--wpforms-button-size-font-size: 17px;\n--wpforms-button-size-height: 41px;\n--wpforms-button-size-padding-h: 15px;\n--wpforms-button-size-margin-top: 10px;\n\n\t\t\t\t}\n\t\t\t<\/style><div class=\"wpforms-container wpforms-container-full wpforms-render-modern\" id=\"wpforms-626\"><form id=\"wpforms-form-626\" class=\"wpforms-validate wpforms-form wpforms-ajax-form\" data-formid=\"626\" method=\"post\" enctype=\"multipart\/form-data\" action=\"\/ru\/wp-json\/wp\/v2\/pages\/651\" data-token=\"397ad95eb9291a0918f9042d575617dd\"><noscript class=\"wpforms-error-noscript\">\u0414\u043b\u044f \u0437\u0430\u043f\u043e\u043b\u043d\u0435\u043d\u0438\u044f \u0434\u0430\u043d\u043d\u043e\u0439 \u0444\u043e\u0440\u043c\u044b \u0432\u043a\u043b\u044e\u0447\u0438\u0442\u0435 JavaScript \u0432 \u0431\u0440\u0430\u0443\u0437\u0435\u0440\u0435.<\/noscript><div class=\"wpforms-hidden\" id=\"wpforms-error-noscript\">\u0414\u043b\u044f \u0437\u0430\u043f\u043e\u043b\u043d\u0435\u043d\u0438\u044f \u0434\u0430\u043d\u043d\u043e\u0439 \u0444\u043e\u0440\u043c\u044b \u0432\u043a\u043b\u044e\u0447\u0438\u0442\u0435 JavaScript \u0432 \u0431\u0440\u0430\u0443\u0437\u0435\u0440\u0435.<\/div><div class=\"wpforms-field-container\"><div id=\"wpforms-626-field_0-container\" class=\"wpforms-field wpforms-field-name\" data-field-id=\"0\"><fieldset><legend class=\"wpforms-field-label\">\u0418\u043c\u044f \u0424\u0430\u043c\u0438\u043b\u0438\u044f <span class=\"wpforms-required-label\" aria-hidden=\"true\">*<\/span><\/legend><div class=\"wpforms-field-row wpforms-field-medium\"><div class=\"wpforms-field-row-block wpforms-first wpforms-one-half\"><input type=\"text\" id=\"wpforms-626-field_0\" class=\"wpforms-field-name-first wpforms-field-required\" name=\"wpforms[fields][0][first]\" aria-errormessage=\"wpforms-626-field_0-error\" required><label for=\"wpforms-626-field_0\" class=\"wpforms-field-sublabel after \">\u0418\u043c\u044f<\/label><\/div><div class=\"wpforms-field-row-block wpforms-one-half\"><input type=\"text\" id=\"wpforms-626-field_0-last\" class=\"wpforms-field-name-last wpforms-field-required\" name=\"wpforms[fields][0][last]\" aria-errormessage=\"wpforms-626-field_0-last-error\" required><label for=\"wpforms-626-field_0-last\" class=\"wpforms-field-sublabel after \">\u0424\u0430\u043c\u0438\u043b\u0438\u044f<\/label><\/div><\/div><\/fieldset><\/div><div id=\"wpforms-626-field_1-container\" class=\"wpforms-field wpforms-field-email\" data-field-id=\"1\"><label class=\"wpforms-field-label\" for=\"wpforms-626-field_1\">\u042d\u043b\u0435\u043a\u0442\u0440\u043e\u043d\u043d\u0430\u044f \u043f\u043e\u0447\u0442\u0430 <span class=\"wpforms-required-label\" aria-hidden=\"true\">*<\/span><\/label><input type=\"email\" id=\"wpforms-626-field_1\" class=\"wpforms-field-medium wpforms-field-required\" name=\"wpforms[fields][1]\" spellcheck=\"false\" aria-errormessage=\"wpforms-626-field_1-error\" required><\/div><div id=\"wpforms-626-field_2-container\" class=\"wpforms-field wpforms-field-textarea\" data-field-id=\"2\"><label class=\"wpforms-field-label\" for=\"wpforms-626-field_2\">\u0421\u043e\u043e\u0431\u0449\u0435\u043d\u0438\u0435 <span class=\"wpforms-required-label\" aria-hidden=\"true\">*<\/span><\/label><textarea id=\"wpforms-626-field_2\" class=\"wpforms-field-medium wpforms-field-required\" name=\"wpforms[fields][2]\" aria-errormessage=\"wpforms-626-field_2-error\" required><\/textarea><\/div><\/div><!-- .wpforms-field-container --><div class=\"wpforms-submit-container\" ><input type=\"hidden\" name=\"wpforms[id]\" value=\"626\"><input type=\"hidden\" name=\"wpforms[author]\" value=\"1\"><button type=\"submit\" name=\"wpforms[submit]\" id=\"wpforms-submit-626\" class=\"wpforms-submit\" data-alt-text=\"\u041e\u0442\u043f\u0440\u0430\u0432\u043a\u0430...\" data-submit-text=\"\u041e\u0442\u043f\u0440\u0430\u0432\u043b\u044f\u0442\u044c\" aria-live=\"assertive\" value=\"wpforms-submit\">\u041e\u0442\u043f\u0440\u0430\u0432\u043b\u044f\u0442\u044c<\/button><img decoding=\"async\" src=\"https:\/\/ksmexport.com\/wp-content\/plugins\/wpforms\/assets\/images\/submit-spin.svg\" class=\"wpforms-submit-spinner\" style=\"display: none;\" width=\"26\" height=\"26\" alt=\"\u0417\u0430\u0433\u0440\u0443\u0437\u043a\u0430\"><\/div><\/form><\/div>  <!-- .wpforms-container -->\t\t\t\t<\/div>\n\t\t\t\t<\/div>\n\t\t\t\t<\/div>\n\t\t<div class=\"elementor-element elementor-element-f1b6d99 e-con-full e-flex e-con e-child\" data-id=\"f1b6d99\" data-element_type=\"container\" data-e-type=\"container\">\n\t\t\t\t<div class=\"elementor-element elementor-element-9cd07da elementor-widget elementor-widget-google_maps\" data-id=\"9cd07da\" data-element_type=\"widget\" data-e-type=\"widget\" data-widget_type=\"google_maps.default\">\n\t\t\t\t<div class=\"elementor-widget-container\">\n\t\t\t\t\t\t\t<div class=\"elementor-custom-embed\">\n\t\t\t<iframe loading=\"lazy\"\n\t\t\t\t\tsrc=\"https:\/\/maps.google.com\/maps?q=KSM%20Export%2C%20Ankara&#038;t=m&#038;z=10&#038;output=embed&#038;iwloc=near\"\n\t\t\t\t\ttitle=\"KSM Export, Ankara\"\n\t\t\t\t\taria-label=\"KSM Export, Ankara\"\n\t\t\t><\/iframe>\n\t\t<\/div>\n\t\t\t\t\t\t<\/div>\n\t\t\t\t<\/div>\n\t\t\t\t<\/div>\n\t\t\t\t\t<\/div>\n\t\t\t\t<\/div>\n\t\t<div class=\"e-con-top elementor-element elementor-element-9567e8e e-flex e-con-boxed e-con e-parent\" data-id=\"9567e8e\" data-element_type=\"container\" data-e-type=\"container\">\n\t\t\t\t\t<div class=\"e-con-inner\">\n\t\t<div class=\"elementor-element elementor-element-dfd32a7 e-con-full e-flex e-con e-child\" data-id=\"dfd32a7\" data-element_type=\"container\" data-e-type=\"container\">\n\t\t\t\t<div class=\"elementor-element elementor-element-0e92696 elementor-widget elementor-widget-text-editor\" data-id=\"0e92696\" data-element_type=\"widget\" data-e-type=\"widget\" data-widget_type=\"text-editor.default\">\n\t\t\t\t<div class=\"elementor-widget-container\">\n\t\t\t\t\t\t\t\t\t<h2>\u0414\u0423\u0411\u0410\u0419<\/h2><p>Dubai Marina Walk Marina Pinnacle Tower<br \/>Tiger Tower Floor 64 Number 6401<br \/>\u0414\u0443\u0431\u0430\u0439\/\u041e\u0431\u044a\u0435\u0434\u0438\u043d\u0435\u043d\u043d\u044b\u0435 \u0410\u0440\u0430\u0431\u0441\u043a\u0438\u0435 \u042d\u043c\u0438\u0440\u0430\u0442\u044b<\/p><p>\ud83d\udce7<br \/>info@ksmexport.com<br \/>candogan@ksmexport.com<\/p><p><span style=\"color: var( --e-global-color-text ); font-family: var( --e-global-typography-text-font-family ), Sans-serif; font-weight: var( --e-global-typography-text-font-weight ); background-color: var(--body-bg-color); font-size: var(--body-font-size);\">\ud83d\udcde<br \/>+971 58 561 9922<\/span> (\u0422\u0435\u043b\u0435\u0444\u043e\u043d)<br \/>+90 541 352 5470 (Whatsapp)<\/p>\t\t\t\t\t\t\t\t<\/div>\n\t\t\t\t<\/div>\n\t\t\t\t<div class=\"elementor-element elementor-element-42c20bf elementor-widget elementor-widget-text-editor\" data-id=\"42c20bf\" data-element_type=\"widget\" data-e-type=\"widget\" data-widget_type=\"text-editor.default\">\n\t\t\t\t<div class=\"elementor-widget-container\">\n\t\t\t\t\t\t\t\t\t<h2>\u00a0<\/h2><h2>\u0413\u0420\u0423\u0417\u0418\u042f\u0410<\/h2><p>\u0411\u0443\u043b\u044c\u0432\u0430\u0440 \u042e\u043b\u0438 \u0428\u0430\u0440\u0442\u0430\u0432\u0430 N16, \u2116484 <br \/>\u0411\u0430\u0442\u0443\u043c\u0438\/\u0413\u0440\u0443\u0437\u0438\u044f<\/p><p>\ud83d\udce7<\/p><p>info@ksmexport.com<br \/>georgia@ksmexport.com<\/p><p>\ud83d\udcde<\/p><p>+99 551 490 3040 (\u0422\u0435\u043b\u0435\u0444\u043e\u043d)<br \/>\u00a0 +90 554 598 4414 (WhatsApp)<\/p>\t\t\t\t\t\t\t\t<\/div>\n\t\t\t\t<\/div>\n\t\t\t\t<\/div>\n\t\t<div class=\"elementor-element elementor-element-6e1a7c4 e-con-full e-flex e-con e-child\" data-id=\"6e1a7c4\" data-element_type=\"container\" data-e-type=\"container\">\n\t\t\t\t<div class=\"elementor-element elementor-element-d23f823 elementor-widget elementor-widget-text-editor\" data-id=\"d23f823\" data-element_type=\"widget\" data-e-type=\"widget\" data-widget_type=\"text-editor.default\">\n\t\t\t\t<div class=\"elementor-widget-container\">\n\t\t\t\t\t\t\t\t\t<h2>\u0411\u0410\u041d\u0413\u041b\u0410\u0414\u0415\u0428<\/h2><p>112, 3rd floor, Khatunganj<br \/>\u0427\u0430\u0442\u0442\u043e\u0433\u0440\u0430\u043c\u043c\/\u0411\u0430\u043d\u0433\u043b\u0430\u0434\u0435\u0448<\/p><p><br \/>\ud83d\udce7<br \/>info@ksmexport.com<br \/>shafikul@ksmexport.com<\/p><p>\ud83d\udcde<br \/>+88 018 149 46064 (\u0422\u0435\u043b\u0435\u0444\u043e\u043d)<br \/>+90 539 892 98 33 (Whatsapp)<\/p>\t\t\t\t\t\t\t\t<\/div>\n\t\t\t\t<\/div>\n\t\t\t\t<div class=\"elementor-element elementor-element-e4b0fe4 elementor-widget elementor-widget-text-editor\" data-id=\"e4b0fe4\" data-element_type=\"widget\" data-e-type=\"widget\" data-widget_type=\"text-editor.default\">\n\t\t\t\t<div class=\"elementor-widget-container\">\n\t\t\t\t\t\t\t\t\t<h2>\u00a0<\/h2><h2>\u0418\u0420\u041b\u0410\u041d\u0414\u0418\u042f<\/h2><p>51 \u041f\u043e\u043c\u0435\u0441\u0442\u044c\u0435 \u0411\u0435\u043b\u043a\u044d\u043c\u043f, D17 FK63<br \/>\u0414\u0443\u0431\u043b\u0438\u043d\/\u0418\u0440\u043b\u0430\u043d\u0434\u0438\u044f<\/p><p>\ud83d\udce7<\/p><p>info@ksmexport.com<br \/>export@ksmexport.com<\/p><p>\ud83d\udcde<\/p><p>+35 383 409 3120 (\u0422\u0435\u043b\u0435\u0444\u043e\u043d)<br \/>+90 541 352 5470 (WhatsApp)<\/p>\t\t\t\t\t\t\t\t<\/div>\n\t\t\t\t<\/div>\n\t\t\t\t<\/div>\n\t\t<div class=\"elementor-element elementor-element-d26b7cc e-con-full e-flex e-con e-child\" data-id=\"d26b7cc\" data-element_type=\"container\" data-e-type=\"container\">\n\t\t\t\t<div class=\"elementor-element elementor-element-ba18763 elementor-widget elementor-widget-text-editor\" data-id=\"ba18763\" data-element_type=\"widget\" data-e-type=\"widget\" data-widget_type=\"text-editor.default\">\n\t\t\t\t<div class=\"elementor-widget-container\">\n\t\t\t\t\t\t\t\t\t<h2>\u0421\u0415\u0420\u0411\u0418\u042f<\/h2><p>Visoka 22, \u010cukarica <br \/>\u0411\u0435\u043b\u0433\u0440\u0430\u0434\/\u0421\u0435\u0440\u0431\u0438\u044f<\/p><p><br \/>\ud83d\udce7<br \/>info@ksmexport.com<br \/>senad@ksmexport.com<\/p><p>\ud83d\udcde<br \/>+90 312 354 5470 (\u0422\u0435\u043b\u0435\u0444\u043e\u043d)<br \/>+381 69 46 000 06 (Whatsapp)<\/p>\t\t\t\t\t\t\t\t<\/div>\n\t\t\t\t<\/div>\n\t\t\t\t<\/div>\n\t\t<div class=\"elementor-element elementor-element-afbf782 e-con-full e-flex e-con e-child\" data-id=\"afbf782\" data-element_type=\"container\" data-e-type=\"container\">\n\t\t\t\t<div class=\"elementor-element elementor-element-3ed51ed elementor-widget elementor-widget-text-editor\" data-id=\"3ed51ed\" data-element_type=\"widget\" data-e-type=\"widget\" data-widget_type=\"text-editor.default\">\n\t\t\t\t<div class=\"elementor-widget-container\">\n\t\t\t\t\t\t\t\t\t<h2>\u0411\u041e\u0421\u041d\u0418\u042f \u0418 \u0413\u0415\u0420\u0426\u0415\u0413\u041e\u0412\u0418\u041d\u0410<\/h2><p>Dzemala Bijedi\u0107a, 160i <br \/>\u0421\u0430\u0440\u0430\u0435\u0432\u043e\/\u0411\u043e\u0441\u043d\u0438\u044f \u0438 \u0413\u0435\u0440\u0446\u0435\u0433\u043e\u0432\u0438\u043d\u0430<\/p><p>\ud83d\udce7<br \/>info@ksmexport.com<br \/>senad@ksmexport.com<\/p><p>\ud83d\udcde<br \/>+90 312 354 5470 (\u0422\u0435\u043b\u0435\u0444\u043e\u043d)<br \/>+381 69 46 000 06 (Whatsapp)<\/p>\t\t\t\t\t\t\t\t<\/div>\n\t\t\t\t<\/div>\n\t\t\t\t<\/div>\n\t\t\t\t\t<\/div>\n\t\t\t\t<\/div>\n\t\t<div class=\"e-con-top elementor-element elementor-element-3f521a0 e-flex e-con-boxed e-con e-parent\" data-id=\"3f521a0\" data-element_type=\"container\" data-e-type=\"container\">\n\t\t\t\t\t<div class=\"e-con-inner\">\n\t\t<div class=\"elementor-element elementor-element-b17ad21 e-flex e-con-boxed e-con e-child\" data-id=\"b17ad21\" data-element_type=\"container\" data-e-type=\"container\">\n\t\t\t\t\t<div class=\"e-con-inner\">\n\t\t\t\t<div class=\"elementor-element elementor-element-405e3e5 elementor-widget elementor-widget-image\" data-id=\"405e3e5\" data-element_type=\"widget\" data-e-type=\"widget\" data-widget_type=\"image.default\">\n\t\t\t\t<div class=\"elementor-widget-container\">\n\t\t\t\t\t\t\t\t\t\t\t\t\t\t\t<img decoding=\"async\" src=\"https:\/\/ksmexport.com\/wp-content\/uploads\/2023\/12\/TURK-PATENT.jpg\" title=\"\" alt=\"\" loading=\"lazy\" \/>\t\t\t\t\t\t\t\t\t\t\t\t\t\t\t<\/div>\n\t\t\t\t<\/div>\n\t\t\t\t<div class=\"elementor-element elementor-element-dc0eda5 elementor-widget elementor-widget-image\" data-id=\"dc0eda5\" data-element_type=\"widget\" data-e-type=\"widget\" data-widget_type=\"image.default\">\n\t\t\t\t<div class=\"elementor-widget-container\">\n\t\t\t\t\t\t\t\t\t\t\t\t\t\t\t<img decoding=\"async\" src=\"https:\/\/ksmexport.com\/wp-content\/uploads\/2023\/12\/1.jpeg\" title=\"\" alt=\"\" loading=\"lazy\" \/>\t\t\t\t\t\t\t\t\t\t\t\t\t\t\t<\/div>\n\t\t\t\t<\/div>\n\t\t\t\t<div class=\"elementor-element elementor-element-427133b elementor-widget elementor-widget-image\" data-id=\"427133b\" data-element_type=\"widget\" data-e-type=\"widget\" data-widget_type=\"image.default\">\n\t\t\t\t<div class=\"elementor-widget-container\">\n\t\t\t\t\t\t\t\t\t\t\t\t\t\t\t<img decoding=\"async\" src=\"https:\/\/ksmexport.com\/wp-content\/uploads\/2023\/12\/2.jpeg\" title=\"\" alt=\"\" loading=\"lazy\" \/>\t\t\t\t\t\t\t\t\t\t\t\t\t\t\t<\/div>\n\t\t\t\t<\/div>\n\t\t\t\t<div class=\"elementor-element elementor-element-74a365d elementor-widget elementor-widget-image\" data-id=\"74a365d\" data-element_type=\"widget\" data-e-type=\"widget\" data-widget_type=\"image.default\">\n\t\t\t\t<div class=\"elementor-widget-container\">\n\t\t\t\t\t\t\t\t\t\t\t\t\t\t\t<img decoding=\"async\" src=\"https:\/\/ksmexport.com\/wp-content\/uploads\/2023\/12\/3-1.jpeg\" title=\"\" alt=\"\" loading=\"lazy\" \/>\t\t\t\t\t\t\t\t\t\t\t\t\t\t\t<\/div>\n\t\t\t\t<\/div>\n\t\t\t\t\t<\/div>\n\t\t\t\t<\/div>\n\t\t\t\t\t<\/div>\n\t\t\t\t<\/div>\n\t\t\t\t<\/div>\n\t\t","protected":false},"excerpt":{"rendered":"<p>\u0421\u0432\u044f\u0437\u0430\u0442\u044c\u0441\u044f \u0441 \u043d\u0430\u043c\u0438 KSM EXPORT IMPORT MAK\u0130NA YEDEK PAR\u00c7A \u0130THALAT \u0130HRACAT SANAY\u0130 VE T\u0130CARET L\u0130M\u0130TED \u015e\u0130RKET\u0130 Ostim OSB Mahhalesi Alteri Bulvar\u0131 No:33 \/ 33 Yenimahalle\/\u0410\u043d\u043a\u0430\u0440\u0430\/\u0422\u0443\u0440\u0446\u0438\u044f \u00a0 \u00a0 \ud83d\udce7info@ksmexport.comexport@ksmexport.com\u00a0sales@ksmexport.com \ud83d\udcde+90 312 354 5470 (\u0424\u0438\u043a\u0441\u0438\u0440\u043e\u0432\u0430\u043d\u043d\u0430\u044f \u043b\u0438\u043d\u0438\u044f) +90 541 352 5470 (Whatsapp)+90 543 616 0820 (Whatsapp) \u0414\u0423\u0411\u0410\u0419 Dubai Marina Walk Marina Pinnacle TowerTiger Tower Floor 64 Number 6401\u0414\u0443\u0431\u0430\u0439\/\u041e\u0431\u044a\u0435\u0434\u0438\u043d\u0435\u043d\u043d\u044b\u0435 [&hellip;]<\/p>\n","protected":false},"author":1,"featured_media":0,"parent":0,"menu_order":0,"comment_status":"closed","ping_status":"closed","template":"","meta":{"_acf_changed":false,"footnotes":""},"class_list":["post-651","page","type-page","status-publish","hentry"],"acf":[],"_links":{"self":[{"href":"https:\/\/ksmexport.com\/ru\/wp-json\/wp\/v2\/pages\/651","targetHints":{"allow":["GET"]}}],"collection":[{"href":"https:\/\/ksmexport.com\/ru\/wp-json\/wp\/v2\/pages"}],"about":[{"href":"https:\/\/ksmexport.com\/ru\/wp-json\/wp\/v2\/types\/page"}],"author":[{"embeddable":true,"href":"https:\/\/ksmexport.com\/ru\/wp-json\/wp\/v2\/users\/1"}],"replies":[{"embeddable":true,"href":"https:\/\/ksmexport.com\/ru\/wp-json\/wp\/v2\/comments?post=651"}],"version-history":[{"count":21,"href":"https:\/\/ksmexport.com\/ru\/wp-json\/wp\/v2\/pages\/651\/revisions"}],"predecessor-version":[{"id":2287,"href":"https:\/\/ksmexport.com\/ru\/wp-json\/wp\/v2\/pages\/651\/revisions\/2287"}],"wp:attachment":[{"href":"https:\/\/ksmexport.com\/ru\/wp-json\/wp\/v2\/media?parent=651"}],"curies":[{"name":"wp","href":"https:\/\/api.w.org\/{rel}","templated":true}]}}